{"id":159576,"date":"2025-10-27T09:52:11","date_gmt":"2025-10-27T08:52:11","guid":{"rendered":"https:\/\/www.mendialduamusic.com\/?page_id=159576"},"modified":"2025-10-29T09:16:18","modified_gmt":"2025-10-29T08:16:18","slug":"politica-de-cookies","status":"publish","type":"page","link":"https:\/\/www.mendialduamusic.com\/en\/politica-de-cookies\/","title":{"rendered":"Pol\u00edtica de cookies"},"content":{"rendered":"<div class=\"wpb-content-wrapper\"><p>[vc_row][vc_column][vc_custom_heading text_color=\u00bbcolor-wvjs\u00bb text_font=\u00bbfont-846016&#8243; text_weight=\u00bb700&#8243; text_height=\u00bbfontheight-357766&#8243; title=\u00bb\u00bb uncode_shortcode_id=\u00bb587149&#8243; text_color_type=\u00bbuncode-palette\u00bb]Pol\u00edtica de cookies[\/vc_custom_heading][\/vc_column][\/vc_row][vc_row][vc_column width=\u00bb1\/1&#8243;][vc_column_text uncode_shortcode_id=\u00bb883849&#8243;]<strong>INTRODUCCI\u00d3N<\/strong><br \/>\nLa web de MENDIALDUA MUSIC S.L utiliza cookies propias y anal\u00edticas. Una cookie es un fichero que se descarga en su ordenador al acceder a determinadas p\u00e1ginas web, entre otras finalidades, asegurar el correcto funcionamiento de la p\u00e1gina, permitir al Usuario un acceso m\u00e1s r\u00e1pido a los servicios seleccionados, almacenar y recuperar informaci\u00f3n sobre los h\u00e1bitos de navegaci\u00f3n de un usuario o de su equipo e incluso, dependiendo de la informaci\u00f3n que contengan y de la forma en que utilice su equipo, se pueden utilizar para reconocer al usuario. Las cookies se asocian \u00fanicamente a un usuario an\u00f3nimo y su ordenador o dispositivo y no proporcionan referencias que permitan conocer sus datos personales, salvo permiso expreso de aqu\u00e9l.<\/p>\n<p>El usuario puede, en todo momento, aceptar o rechazar las cookies instaladas que no sean estrictamente necesarias para el correcto funcionamiento de la web y el acceso al Usuario a sus servicios, a trav\u00e9s del panel de ajuste de cookies proporcionado en nuestra web. Asimismo, podr\u00e1 configurar su navegador en todo momento sin que ello perjudique la posibilidad del Usuario de acceder a los contenidos. Sin embargo, le informamos de que el rechazo de las cookies puede disminuir el buen funcionamiento de la web.<\/p>\n<p><strong>COOKIES AFECTADAS PER LA NORMATIVA Y COOKIES EXENTAS<\/strong><br \/>\nSeg\u00fan la directiva de la UE, las cookies que requieren el consentimiento informado por parte del usuario son las cookies de anal\u00edtica, las de publicidad y afiliaci\u00f3n, quedando exceptuadas las de car\u00e1cter t\u00e9cnico y las necesarias para el funcionamiento del sitio web o la prestaci\u00f3n de servicios expresamente demandados por el usuario.<\/p>\n<p><strong>TIPOS DE COOKIES<\/strong><br \/>\na) Seg\u00fan la entidad que las gestione, hay Cookies propias (aquellas que se env\u00edan al equipo terminal del usuario desde un equipo o dominio gestionado por el propio editor y desde el que se presta el servicio Solicitado por el usuario) y de terceros ((las que se env\u00edan al equipo terminal del usuario desde un equipo o dominio que no es gestionado por el editor, sino por otra entidad que trata los datos obtenidos mediante las galletas).<br \/>\nb) Seg\u00fan el tiempo que permanecen activas, existen las de sesi\u00f3n (dise\u00f1adas para recabar y almacenar datos mientras el usuario accede a una p\u00e1gina web) y las persistentes (en las que los datos se almacenan en el terminal y pueden ser accedidos y tratados durante un periodo definido por el responsable de la cookie -puede ir de unos minutos a varios a\u00f1os-).<br \/>\nc) Seg\u00fan la finalidad para la que traten la informaci\u00f3n que recopilan, pueden ser:<br \/>\n\u2013 Cookies t\u00e9cnicas (necesarias para el uso de la web y la prestaci\u00f3n del servicio contratado),<br \/>\n\u2013 Cookies de personalizaci\u00f3n (que permiten al usuario acceder al servicio con caracter\u00edsticas predefinidas, como por ejemplo el idioma, tipo de navegador, configuraci\u00f3n regional, etc.)<br \/>\n\u2013 Cookies de an\u00e1lisis (recogen informaci\u00f3n el uso que se realiza de la web),<br \/>\n\u2013 Cookies publicitarias (recogen informaci\u00f3n sobre las preferencias y elecciones personales de los usuarios)<br \/>\n\u2013 Cookies de afiliados (permiten realizar un seguimiento de las visitas procedentes de otras webs, con las que el sitio web establece un contrato de afiliaci\u00f3n).<\/p>\n<p><strong>TIPOS DE COOKIES UTILIZADAS POR ESTE SITIO WEB<\/strong><br \/>\n\u2013 Cookies t\u00e9cnicas<br \/>\nuncodeAI.css: Determina que dispositivo es utilizado por el visitan te \u2013 Esto permite a la web ajustarse a la resoluci\u00f3n \u00f3ptima para ese dispositivo espec\u00edfico. Duraci\u00f3n: Sesi\u00f3n<br \/>\nuncodeAI.images: Determina que dispositivo es utilizado por el visitan te \u2013 Esto permite a la web ajustarse a la resoluci\u00f3n \u00f3ptima para ese dispositivo espec\u00edfico. Duraci\u00f3n: Sesi\u00f3n<br \/>\nuncodeAI.Screen: Determina que dispositivo es utilizado por el visitan te \u2013 Esto permite a la web ajustarse a la resoluci\u00f3n \u00f3ptima para ese dispositivo espec\u00edfico. Duraci\u00f3n: Sesi\u00f3n<\/p>\n<p>\u2013 Cookies de an\u00e1lisis<br \/>\n_ga: Registra una identificaci\u00f3n \u00fanica que se utiliza para gen erar datos estad\u00edsticos acerca de c\u00f3mo utiliza el visitan te el sitio web. Duraci\u00f3n: 2 a\u00f1os.<br \/>\n_gat: Utilizado por Google para controlar la tasa de peticiones. Duraci\u00f3n 1 d\u00eda<br \/>\n_gid: Registra una identificaci\u00f3n \u00fanica que se utiliza para gen erar datos estad\u00edsticos acerca de c\u00f3mo utiliza el visitan te el sitio web. Duraci\u00f3n: 1 d\u00eda.<\/p>\n<p>Mientras navega por nuestra web, pueden almacenarse en su navegador las cookies de nuestras redes sociales. A continuaci\u00f3n, le indicamos los enlaces sobre las cookies de las redes sociales que utilizamos en esta web:<br \/>\n\u2022 Cookies de Facebook, ver m\u00e1s informaci\u00f3n en su pol\u00edtica de cookies<br \/>\n\u2022 Cookies de Instagram, ver m\u00e1s informaci\u00f3n en su pol\u00edtica de cookies<\/p>\n<p><strong>REVOCACI\u00d3N<\/strong><br \/>\nEn todo momento podr\u00e1 acceder a la configuraci\u00f3n de su navegador aceptando o rechazando todas las cookies, o bien seleccionar aqu\u00e9llas cuya instalaci\u00f3n admite y cu\u00e1les no, siguiendo uno de los siguientes procedimientos, que depende del navegador que utilice:<br \/>\nGoogle Chrome (en el Men\u00fa Herramientas):<br \/>\nConfiguraci\u00f3n &gt; Mostrar opciones avanzadas &gt; Privacidad (Configuraci\u00f3n de contenido) &gt; Cookies: https:\/\/support.google.com\/chrome\/answer\/95647?co=GENIE.Platform%3DDesktopandhl=es<br \/>\nMicrosoft Internet Explorer (en el Men\u00fa Herramientas):<br \/>\nOpciones de Internet &gt; Privacidad &gt; Avanzada: https:\/\/support.microsoft.com\/es-es\/help\/17442\/windows-internet-explorer-delete-manage-cookies<br \/>\nFirefox:<br \/>\nOpciones &gt; Privacidad &gt; Cookies: https:\/\/support.mozilla.org\/es\/kb\/habilitar-y-deshabilitar-cookies-sitios-web-rastrear-preferencias<br \/>\nSafari, iPad y iPhone:<br \/>\nPreferencias &gt; Privacidad: https:\/\/support.apple.com\/kb\/ph21411?locale=es_ES<br \/>\nOpera:<br \/>\nConfiguraci\u00f3n &gt; Opciones &gt; Avanzado &gt; Cookies: http:\/\/help.opera.com\/Windows\/12.00\/es-ES\/cookies.html<br \/>\nEstos navegadores est\u00e1n sometidos a actualizaciones o modificaciones, por lo que no podemos garantizar que se ajusten completamente a la versi\u00f3n de su navegador. Tambi\u00e9n puede ser que utilice otro navegador no contemplado en estos enlaces como Konqueror, Arora, Flock, etc. Para evitar estos desajustes, puede acceder directamente desde las opciones de su navegador, generalmente en el men\u00fa de \u00abOpciones\u00bb en la secci\u00f3n de \u00abPrivacidad\u00bb. (Por favor, consulte la ayuda de su navegador para m\u00e1s informaci\u00f3n).<\/p>\n<p><strong>DESACTIVACI\u00d3N\/ACTIVACI\u00d3N Y ELIMINACI\u00d3N DE COOKIES<\/strong><br \/>\nPara restringir o bloquear las cookies, se hace a trav\u00e9s de la configuraci\u00f3n del navegador.<br \/>\nSi no desea que los sitios web pongan ninguna cookie en su equipo, puede adaptar la configuraci\u00f3n del navegador de modo que se le notifique antes de que se coloque ninguna cookie. De igual modo, puede adaptar la configuraci\u00f3n de forma que el navegador rechace todas las cookies, o \u00fanicamente las cookies de terceros. Tambi\u00e9n puede eliminar cualquiera de las cookies que ya se encuentren en el equipo. Tenga en cuenta que tendr\u00e1 que adaptar por separado la configuraci\u00f3n de cada navegador y equipo que utilice.<\/p>\n<p>Tenga en cuenta que, si no desea recibir cookies, ya no podremos garantizar que nuestro sitio web funcione debidamente. Puede que algunas funciones del sitio se pierdan y es posible que ya no pueda ver ciertos sitios web. Adem\u00e1s, rechazar las cookies no significa que ya no vaya a ver anuncios publicitarios. Simplemente los anuncios no se ajustar\u00e1n a sus intereses y se repetir\u00e1n con m\u00e1s frecuencia.<br \/>\nCada navegador posee un m\u00e9todo distinto para adaptar la configuraci\u00f3n. Si fuera necesario, consulte la funci\u00f3n de ayuda del navegador para establecer la configuraci\u00f3n correcta.<\/p>\n<p>Para desactivar las cookies en el tel\u00e9fono m\u00f3vil, consulte el manual del dispositivo para obtener m\u00e1s informaci\u00f3n.<br \/>\nPuede obtener m\u00e1s informaci\u00f3n sobre las cookies en Internet, http:\/\/www.aboutcookies.org\/.<br \/>\nTeniendo en cuenta la forma en la que funciona Internet y los sitios web, no siempre contamos con informaci\u00f3n de las cookies que colocan terceras partes a trav\u00e9s de nuestro sitio web. Esto se aplica especialmente a casos en los que nuestra p\u00e1gina web contiene lo que se denominan elementos integrados: textos, documentos, im\u00e1genes o breves pel\u00edculas que se almacenan en otra parte, pero se muestran en nuestro sitio web o a trav\u00e9s del mismo.<br \/>\nPor consiguiente, en caso de que se encuentre con este tipo de cookies en este sitio web y no est\u00e9n enumeradas en la lista anterior, le rogamos que nos lo comunique. O bien p\u00f3ngase en contacto directamente con el tercero para pedirle informaci\u00f3n sobre las cookies que coloca, la finalidad y la duraci\u00f3n de la cookie, y c\u00f3mo ha garantizado su privacidad.<\/p>\n<p>[\/vc_column_text][\/vc_column][\/vc_row]<\/p>\n<\/div>","protected":false},"excerpt":{"rendered":"<p>[vc_row][vc_column][vc_custom_heading text_color=\u00bbcolor-wvjs\u00bb text_font=\u00bbfont-846016&#8243; text_weight=\u00bb700&#8243; text_height=\u00bbfontheight-357766&#8243; title=\u00bb\u00bb uncode_shortcode_id=\u00bb587149&#8243; text_color_type=\u00bbuncode-palette\u00bb]Pol\u00edtica de cookies[\/vc_custom_heading][\/vc_column][\/vc_row][vc_row][vc_column width=\u00bb1\/1&#8243;][vc_column_text uncode_shortcode_id=\u00bb883849&#8243;]INTRODUCCI\u00d3N La web de MENDIALDUA MUSIC S.L utiliza cookies [&hellip;]<\/p>\n","protected":false},"author":1,"featured_media":0,"parent":0,"menu_order":0,"comment_status":"closed","ping_status":"closed","template":"","meta":{"footnotes":""},"class_list":["post-159576","page","type-page","status-publish","hentry"],"_links":{"self":[{"href":"https:\/\/www.mendialduamusic.com\/en\/wp-json\/wp\/v2\/pages\/159576","targetHints":{"allow":["GET"]}}],"collection":[{"href":"https:\/\/www.mendialduamusic.com\/en\/wp-json\/wp\/v2\/pages"}],"about":[{"href":"https:\/\/www.mendialduamusic.com\/en\/wp-json\/wp\/v2\/types\/page"}],"author":[{"embeddable":true,"href":"https:\/\/www.mendialduamusic.com\/en\/wp-json\/wp\/v2\/users\/1"}],"replies":[{"embeddable":true,"href":"https:\/\/www.mendialduamusic.com\/en\/wp-json\/wp\/v2\/comments?post=159576"}],"version-history":[{"count":2,"href":"https:\/\/www.mendialduamusic.com\/en\/wp-json\/wp\/v2\/pages\/159576\/revisions"}],"predecessor-version":[{"id":159680,"href":"https:\/\/www.mendialduamusic.com\/en\/wp-json\/wp\/v2\/pages\/159576\/revisions\/159680"}],"wp:attachment":[{"href":"https:\/\/www.mendialduamusic.com\/en\/wp-json\/wp\/v2\/media?parent=159576"}],"curies":[{"name":"wp","href":"https:\/\/api.w.org\/{rel}","templated":true}]}}